{"id":88117,"date":"2021-06-25T16:08:23","date_gmt":"2021-06-25T19:08:23","guid":{"rendered":"https:\/\/www.livrariarema.com.br\/loja\/produtos\/sem categoria\/biblia-grande-letra-grande-referencias-e-mini-concordancia-elegance\/"},"modified":"2025-09-10T15:23:03","modified_gmt":"2025-09-10T18:23:03","slug":"biblia-grande-letra-grande-referencias-e-mini-concordancia-elegance","status":"publish","type":"product","link":"https:\/\/www.livrariarema.com.br\/loja\/produtos\/biblias\/revista-corrigida-fiel\/biblia-grande-letra-grande-referencias-e-mini-concordancia-elegance\/","title":{"rendered":"B\u00cdBLIA GRANDE &#8211; LETRA GRANDE &#8211; REFER\u00caNCIAS E MINI CONCORD\u00c2NCIA &#8211; ELEGANCE"},"content":{"rendered":"<p>A vers\u00e3o Almeida Corrigida Fiel | acf (revisado segundo o novo acordo ortogr\u00e1fico da l\u00edngua portuguesa em 2011) \u00e9 uma tradu\u00e7\u00e3o fiel do Velho Testamento em Hebraico (Massor\u00e9tico) e do Novo Testamento em Grego (Textus Receptus), segundo o m\u00e9todo de tradu\u00e7\u00e3o formal (traduzindo cada palavra e mantendo a beleza lingu\u00edstica). <br \/>\nEsta B\u00edblia tem tanto formato como letras grandes. <br \/>\nPossui Refer\u00eancias e Mini Concord\u00e2ncia (R&amp;MC): Mais de 30.000 refer\u00eancias b\u00edblicas (com convers\u00e3o de pesos e medidas), Mini Concord\u00e2ncia (aux\u00edlio para encontrar vers\u00edculos na B\u00edblia); Subt\u00edtulos (aux\u00edlio para encontrar passagens b\u00edblicas), Gloss\u00e1rio (um pequeno dicion\u00e1rio) e Margens para Anota\u00e7\u00f5es. B\u00edblia impressa em papel premium. Capa semiflex\u00edvel, na estampa Elegance. Impresso na Geogr\u00e1fica, Brasil.<\/p>\n","protected":false},"excerpt":{"rendered":"<p>A vers\u00e3o Almeida Corrigida Fiel | acf (revisado segundo o novo acordo ortogr\u00e1fico da l\u00edngua portuguesa em 2011) \u00e9 uma&hellip;<\/p>\n","protected":false},"featured_media":88114,"comment_status":"open","ping_status":"closed","template":"","meta":[],"product_cat":[139,212],"product_tag":[],"_links":{"self":[{"href":"https:\/\/www.livrariarema.com.br\/loja\/wp-json\/wp\/v2\/product\/88117"}],"collection":[{"href":"https:\/\/www.livrariarema.com.br\/loja\/wp-json\/wp\/v2\/product"}],"about":[{"href":"https:\/\/www.livrariarema.com.br\/loja\/wp-json\/wp\/v2\/types\/product"}],"replies":[{"embeddable":true,"href":"https:\/\/www.livrariarema.com.br\/loja\/wp-json\/wp\/v2\/comments?post=88117"}],"wp:featuredmedia":[{"embeddable":true,"href":"https:\/\/www.livrariarema.com.br\/loja\/wp-json\/wp\/v2\/media\/88114"}],"wp:attachment":[{"href":"https:\/\/www.livrariarema.com.br\/loja\/wp-json\/wp\/v2\/media?parent=88117"}],"wp:term":[{"taxonomy":"product_cat","embeddable":true,"href":"https:\/\/www.livrariarema.com.br\/loja\/wp-json\/wp\/v2\/product_cat?post=88117"},{"taxonomy":"product_tag","embeddable":true,"href":"https:\/\/www.livrariarema.com.br\/loja\/wp-json\/wp\/v2\/product_tag?post=88117"}],"curies":[{"name":"wp","href":"https:\/\/api.w.org\/{rel}","templated":true}]}}