{"id":88716,"date":"2021-06-30T14:00:54","date_gmt":"2021-06-30T17:00:54","guid":{"rendered":"https:\/\/www.livrariarema.com.br\/loja\/produtos\/sem%20categoria\/marca-texto-cis-lumini-pastel-rosa-claro\/"},"modified":"2026-04-01T16:01:48","modified_gmt":"2026-04-01T19:01:48","slug":"marca-texto-cis-lumini-pastel-rosa-claro","status":"publish","type":"product","link":"https:\/\/www.livrariarema.com.br\/loja\/produtos\/papelaria\/marcador-de-texto\/marca-texto-cis-lumini-pastel-rosa-claro\/","title":{"rendered":"Marca Texto &#8211; Cis &#8211; Lumini Pastel &#8211; Rosa Claro"},"content":{"rendered":"<p>Caneta marca texto Cis Lumini, possui tinta \u00e0 base de \u00e1gua que garante uma secagem mais r\u00e1pida evitando borr\u00f5es e uma colora\u00e7\u00e3o fluorescente, possui ponta sint\u00e9tica chanfrada ideal para destacar ou sublinhar textos.<\/p>\n<p>Registro Inmetro: 009 937\/2013<\/p>\n","protected":false},"excerpt":{"rendered":"<p>Caneta marca texto Cis Lumini, possui tinta \u00e0 base de \u00e1gua que garante uma secagem mais r\u00e1pida evitando borr\u00f5es e&hellip;<\/p>\n","protected":false},"featured_media":317937,"comment_status":"open","ping_status":"closed","template":"","meta":[],"product_cat":[231,215],"product_tag":[],"_links":{"self":[{"href":"https:\/\/www.livrariarema.com.br\/loja\/wp-json\/wp\/v2\/product\/88716"}],"collection":[{"href":"https:\/\/www.livrariarema.com.br\/loja\/wp-json\/wp\/v2\/product"}],"about":[{"href":"https:\/\/www.livrariarema.com.br\/loja\/wp-json\/wp\/v2\/types\/product"}],"replies":[{"embeddable":true,"href":"https:\/\/www.livrariarema.com.br\/loja\/wp-json\/wp\/v2\/comments?post=88716"}],"wp:featuredmedia":[{"embeddable":true,"href":"https:\/\/www.livrariarema.com.br\/loja\/wp-json\/wp\/v2\/media\/317937"}],"wp:attachment":[{"href":"https:\/\/www.livrariarema.com.br\/loja\/wp-json\/wp\/v2\/media?parent=88716"}],"wp:term":[{"taxonomy":"product_cat","embeddable":true,"href":"https:\/\/www.livrariarema.com.br\/loja\/wp-json\/wp\/v2\/product_cat?post=88716"},{"taxonomy":"product_tag","embeddable":true,"href":"https:\/\/www.livrariarema.com.br\/loja\/wp-json\/wp\/v2\/product_tag?post=88716"}],"curies":[{"name":"wp","href":"https:\/\/api.w.org\/{rel}","templated":true}]}}