{"id":88747,"date":"2021-06-30T14:03:21","date_gmt":"2021-06-30T17:03:21","guid":{"rendered":"https:\/\/www.livrariarema.com.br\/loja\/produtos\/sem%20categoria\/lapis-de-cor-cis-criatic-metalico-6-cores\/"},"modified":"2024-10-06T14:21:41","modified_gmt":"2024-10-06T17:21:41","slug":"lapis-de-cor-cis-criatic-metalico-6-cores","status":"publish","type":"product","link":"https:\/\/www.livrariarema.com.br\/loja\/produtos\/papelaria\/lapis-de-cor\/lapis-de-cor-cis-criatic-metalico-6-cores\/","title":{"rendered":"L\u00e1pis De Cor &#8211; Cis &#8211; Criatic &#8211; Met\u00e1lico &#8211; 6 Cores"},"content":{"rendered":"<p>L\u00e1pis de cor com 6 cores, cores met\u00e1licas, alta qualidade, mina 3,3mm, corpo sextavado<\/p>\n","protected":false},"excerpt":{"rendered":"<p>L\u00e1pis de cor com 6 cores, cores met\u00e1licas, alta qualidade, mina 3,3mm, corpo sextavado<\/p>\n","protected":false},"featured_media":307020,"comment_status":"open","ping_status":"closed","template":"","meta":[],"product_cat":[249,215],"product_tag":[],"_links":{"self":[{"href":"https:\/\/www.livrariarema.com.br\/loja\/wp-json\/wp\/v2\/product\/88747"}],"collection":[{"href":"https:\/\/www.livrariarema.com.br\/loja\/wp-json\/wp\/v2\/product"}],"about":[{"href":"https:\/\/www.livrariarema.com.br\/loja\/wp-json\/wp\/v2\/types\/product"}],"replies":[{"embeddable":true,"href":"https:\/\/www.livrariarema.com.br\/loja\/wp-json\/wp\/v2\/comments?post=88747"}],"wp:featuredmedia":[{"embeddable":true,"href":"https:\/\/www.livrariarema.com.br\/loja\/wp-json\/wp\/v2\/media\/307020"}],"wp:attachment":[{"href":"https:\/\/www.livrariarema.com.br\/loja\/wp-json\/wp\/v2\/media?parent=88747"}],"wp:term":[{"taxonomy":"product_cat","embeddable":true,"href":"https:\/\/www.livrariarema.com.br\/loja\/wp-json\/wp\/v2\/product_cat?post=88747"},{"taxonomy":"product_tag","embeddable":true,"href":"https:\/\/www.livrariarema.com.br\/loja\/wp-json\/wp\/v2\/product_tag?post=88747"}],"curies":[{"name":"wp","href":"https:\/\/api.w.org\/{rel}","templated":true}]}}