{"id":88950,"date":"2021-07-01T11:45:09","date_gmt":"2021-07-01T14:45:09","guid":{"rendered":"https:\/\/www.livrariarema.com.br\/loja\/produtos\/sem%20categoria\/biblia-leitura-perfeita-letra-grande-nvi-jardim-noturno\/"},"modified":"2026-02-24T12:15:13","modified_gmt":"2026-02-24T15:15:13","slug":"biblia-leitura-perfeita-letra-grande-nvi-jardim-noturno","status":"publish","type":"product","link":"https:\/\/www.livrariarema.com.br\/loja\/produtos\/biblias\/nvi\/biblia-leitura-perfeita-letra-grande-nvi-jardim-noturno\/","title":{"rendered":"B\u00edblia Leitura Perfeita &#8211; Letra Grande &#8211; Nvi &#8211; Jardim Noturno"},"content":{"rendered":"<p>Para todas as mulheres crist\u00e3s, a B\u00edblia \u00e9 um livro que verdadeiramente as acompanha. Ela \u00e9 o livro que, quando n\u00e3o est\u00e1 aberto, fica sempre \u00e0 vista, na cabeceira ou prateleira; \u00e9 ela que abrimos todos os dias buscando ensinamento e consolo e que nos acompanha nos cultos e outros momentos de comunh\u00e3o. <br \/>\nA B\u00edblia \u00e9 o livro mais pessoal na vida de algu\u00e9m e, assim, \u00e9 tamb\u00e9m uma extens\u00e3o da pessoa que a carrega.A B\u00edblia Jardim Noturno expressa delicadeza e imagina\u00e7\u00e3o com tons s\u00f3brios. Seu design de capa diferenciado alia-se ao miolo na Nova Vers\u00e3o Internacional, conhecida por sua acessibilidade e clareza, e \u00e0 letra leitura erfeita em tamanho grande, garantindo total conforto na leitura atenta das Escrituras. A capa dura garante durabilidade.<\/p>\n<p>Texto na tradu\u00e7\u00e3o NVI (Nova Vers\u00e3o Internacional)<br \/>\nLetra Tamanho Grande <br \/>\nFonte Leitura Perfeita<br \/>\nCapa Dura<br \/>\nPintura Trilateral <br \/>\nLombada costurada para abertura total <br \/>\nFitilho Colorido<\/p>\n","protected":false},"excerpt":{"rendered":"<p>Para todas as mulheres crist\u00e3s, a B\u00edblia \u00e9 um livro que verdadeiramente as acompanha. Ela \u00e9 o livro que, quando&hellip;<\/p>\n","protected":false},"featured_media":345245,"comment_status":"open","ping_status":"closed","template":"","meta":[],"product_cat":[139,166],"product_tag":[],"_links":{"self":[{"href":"https:\/\/www.livrariarema.com.br\/loja\/wp-json\/wp\/v2\/product\/88950"}],"collection":[{"href":"https:\/\/www.livrariarema.com.br\/loja\/wp-json\/wp\/v2\/product"}],"about":[{"href":"https:\/\/www.livrariarema.com.br\/loja\/wp-json\/wp\/v2\/types\/product"}],"replies":[{"embeddable":true,"href":"https:\/\/www.livrariarema.com.br\/loja\/wp-json\/wp\/v2\/comments?post=88950"}],"wp:featuredmedia":[{"embeddable":true,"href":"https:\/\/www.livrariarema.com.br\/loja\/wp-json\/wp\/v2\/media\/345245"}],"wp:attachment":[{"href":"https:\/\/www.livrariarema.com.br\/loja\/wp-json\/wp\/v2\/media?parent=88950"}],"wp:term":[{"taxonomy":"product_cat","embeddable":true,"href":"https:\/\/www.livrariarema.com.br\/loja\/wp-json\/wp\/v2\/product_cat?post=88950"},{"taxonomy":"product_tag","embeddable":true,"href":"https:\/\/www.livrariarema.com.br\/loja\/wp-json\/wp\/v2\/product_tag?post=88950"}],"curies":[{"name":"wp","href":"https:\/\/api.w.org\/{rel}","templated":true}]}}