{"id":90851,"date":"2021-07-08T09:18:22","date_gmt":"2021-07-08T12:18:22","guid":{"rendered":"https:\/\/www.livrariarema.com.br\/loja\/produtos\/sem%20categoria\/na085bec-biblia-de-estudo-conselheira-preta\/"},"modified":"2026-04-29T13:58:02","modified_gmt":"2026-04-29T16:58:02","slug":"na085bec-biblia-de-estudo-conselheira-preta","status":"publish","type":"product","link":"https:\/\/www.livrariarema.com.br\/loja\/produtos\/biblias\/estudo\/na085bec-biblia-de-estudo-conselheira-preta\/","title":{"rendered":"Na085bec &#8211; B\u00edblia De Estudo Conselheira &#8211; Preta"},"content":{"rendered":"<p>A Sociedade B\u00edblica do Brasil lan\u00e7a a t\u00e3o aguardada edi\u00e7\u00e3o completa da B\u00edblia de Estudo Conselheira. In\u00e9dita e pioneira, a publica\u00e7\u00e3o traz mais de oito mil coment\u00e1rios, ao longo do texto b\u00edblico, a partir da perspectiva terap\u00eautica. Todos os estudos foram elaborados por um grupo de conceituados psic\u00f3logos e psiquiatras crist\u00e3os. A partir de suas experi\u00eancias profissionais, eles explicam como as Escrituras Sagradas promovem a sa\u00fade f\u00edsica, mental e espiritual do ser humano, por meio de uma mensagem de acolhimento, reflex\u00e3o e gra\u00e7a. Uma obra essencial para ser utilizada no \u00e2mbito da fam\u00edlia, Igreja e sociedade. Na tradu\u00e7\u00e3o Nova Almeida Atualizada (NAA), um texto cl\u00e1ssico com linguagem atual, fruto da revis\u00e3o da tradu\u00e7\u00e3o Almeida Revista e Atualizada, a edi\u00e7\u00e3o \u00e9 apresentada com capa luxo de couro sint\u00e9tico e impress\u00e3o em duas cores.<\/p>\n","protected":false},"excerpt":{"rendered":"<p>A Sociedade B\u00edblica do Brasil lan\u00e7a a t\u00e3o aguardada edi\u00e7\u00e3o completa da B\u00edblia de Estudo Conselheira. In\u00e9dita e pioneira, a&hellip;<\/p>\n","protected":false},"featured_media":347630,"comment_status":"open","ping_status":"closed","template":"","meta":[],"product_cat":[139,140],"product_tag":[],"_links":{"self":[{"href":"https:\/\/www.livrariarema.com.br\/loja\/wp-json\/wp\/v2\/product\/90851"}],"collection":[{"href":"https:\/\/www.livrariarema.com.br\/loja\/wp-json\/wp\/v2\/product"}],"about":[{"href":"https:\/\/www.livrariarema.com.br\/loja\/wp-json\/wp\/v2\/types\/product"}],"replies":[{"embeddable":true,"href":"https:\/\/www.livrariarema.com.br\/loja\/wp-json\/wp\/v2\/comments?post=90851"}],"wp:featuredmedia":[{"embeddable":true,"href":"https:\/\/www.livrariarema.com.br\/loja\/wp-json\/wp\/v2\/media\/347630"}],"wp:attachment":[{"href":"https:\/\/www.livrariarema.com.br\/loja\/wp-json\/wp\/v2\/media?parent=90851"}],"wp:term":[{"taxonomy":"product_cat","embeddable":true,"href":"https:\/\/www.livrariarema.com.br\/loja\/wp-json\/wp\/v2\/product_cat?post=90851"},{"taxonomy":"product_tag","embeddable":true,"href":"https:\/\/www.livrariarema.com.br\/loja\/wp-json\/wp\/v2\/product_tag?post=90851"}],"curies":[{"name":"wp","href":"https:\/\/api.w.org\/{rel}","templated":true}]}}