{"id":90856,"date":"2021-07-08T09:18:39","date_gmt":"2021-07-08T12:18:39","guid":{"rendered":"https:\/\/www.livrariarema.com.br\/loja\/produtos\/sem%20categoria\/ea963dba-dicionario-da-biblia-de-almeida-2a-edicao-2\/"},"modified":"2026-03-31T09:51:30","modified_gmt":"2026-03-31T12:51:30","slug":"ea963dba-dicionario-da-biblia-de-almeida-2a-edicao-2","status":"publish","type":"product","link":"https:\/\/www.livrariarema.com.br\/loja\/produtos\/livros\/dicionario-gramatica\/ea963dba-dicionario-da-biblia-de-almeida-2a-edicao-2\/","title":{"rendered":"Ea963dba &#8211; Dicion\u00e1rio Da B\u00edblia De Almeida &#8211; 2\u00aa Edi\u00e7\u00e3o"},"content":{"rendered":"<p>A obra, em sua 2\u00aa edi\u00e7\u00e3o, fornece informa\u00e7\u00f5es sobre termos e conceitos encontrados na B\u00edblia, especialmente na tradu\u00e7\u00e3o de Jo\u00e3o Ferreira de Almeida.Traz um amplo sistema de refer\u00eancias b\u00edblicas e cruzadas, em que um verbete remete a textos das Escrituras e a outros verbetes afins.<\/p>\n<p>Recursos Adicionais:<br \/>\n&#8211; 5.615 verbetes <br \/>\n&#8211; Cronologia b\u00edblica<br \/>\n&#8211; Tabelas de pesos, moedas e medidas<br \/>\n&#8211; Atlas b\u00edblico<br \/>\n&#8211; Ilustra\u00e7\u00f5es<\/p>\n","protected":false},"excerpt":{"rendered":"<p>A obra, em sua 2\u00aa edi\u00e7\u00e3o, fornece informa\u00e7\u00f5es sobre termos e conceitos encontrados na B\u00edblia, especialmente na tradu\u00e7\u00e3o de Jo\u00e3o&hellip;<\/p>\n","protected":false},"featured_media":343736,"comment_status":"open","ping_status":"closed","template":"","meta":[],"product_cat":[159,134],"product_tag":[],"_links":{"self":[{"href":"https:\/\/www.livrariarema.com.br\/loja\/wp-json\/wp\/v2\/product\/90856"}],"collection":[{"href":"https:\/\/www.livrariarema.com.br\/loja\/wp-json\/wp\/v2\/product"}],"about":[{"href":"https:\/\/www.livrariarema.com.br\/loja\/wp-json\/wp\/v2\/types\/product"}],"replies":[{"embeddable":true,"href":"https:\/\/www.livrariarema.com.br\/loja\/wp-json\/wp\/v2\/comments?post=90856"}],"wp:featuredmedia":[{"embeddable":true,"href":"https:\/\/www.livrariarema.com.br\/loja\/wp-json\/wp\/v2\/media\/343736"}],"wp:attachment":[{"href":"https:\/\/www.livrariarema.com.br\/loja\/wp-json\/wp\/v2\/media?parent=90856"}],"wp:term":[{"taxonomy":"product_cat","embeddable":true,"href":"https:\/\/www.livrariarema.com.br\/loja\/wp-json\/wp\/v2\/product_cat?post=90856"},{"taxonomy":"product_tag","embeddable":true,"href":"https:\/\/www.livrariarema.com.br\/loja\/wp-json\/wp\/v2\/product_tag?post=90856"}],"curies":[{"name":"wp","href":"https:\/\/api.w.org\/{rel}","templated":true}]}}