{"id":90861,"date":"2021-07-08T09:18:43","date_gmt":"2021-07-08T12:18:43","guid":{"rendered":"https:\/\/www.livrariarema.com.br\/loja\/produtos\/sem%20categoria\/ra63m-biblia-para-evangelizacao-capa-dura-preta\/"},"modified":"2026-02-14T10:50:43","modified_gmt":"2026-02-14T13:50:43","slug":"ra63m-biblia-para-evangelizacao-capa-dura-preta","status":"publish","type":"product","link":"https:\/\/www.livrariarema.com.br\/loja\/produtos\/biblias\/revista-atualizada\/ra63m-biblia-para-evangelizacao-capa-dura-preta\/","title":{"rendered":"Ra63m &#8211; B\u00edblia Para Evangeliza\u00e7\u00e3o &#8211; Capa Dura &#8211; Preta"},"content":{"rendered":"<p>Recurso:<br \/>\n&#8211; Concord\u00e2ncia tem\u00e1tica abreviada<br \/>\n&#8211; Conte\u00fado da B\u00edblia<br \/>\n&#8211; Cronologia b\u00edblica<br \/>\n&#8211; Mapas<br \/>\n&#8211; Palavras de orienta\u00e7\u00e3o e consolo<br \/>\n&#8211; Plano de leitura da B\u00edblia<br \/>\n&#8211; Tabela de pesos, moedas e medidas<\/p>\n","protected":false},"excerpt":{"rendered":"<p>Recurso: &#8211; Concord\u00e2ncia tem\u00e1tica abreviada &#8211; Conte\u00fado da B\u00edblia &#8211; Cronologia b\u00edblica &#8211; Mapas &#8211; Palavras de orienta\u00e7\u00e3o e consolo&hellip;<\/p>\n","protected":false},"featured_media":327703,"comment_status":"open","ping_status":"closed","template":"","meta":[],"product_cat":[139,173],"product_tag":[],"_links":{"self":[{"href":"https:\/\/www.livrariarema.com.br\/loja\/wp-json\/wp\/v2\/product\/90861"}],"collection":[{"href":"https:\/\/www.livrariarema.com.br\/loja\/wp-json\/wp\/v2\/product"}],"about":[{"href":"https:\/\/www.livrariarema.com.br\/loja\/wp-json\/wp\/v2\/types\/product"}],"replies":[{"embeddable":true,"href":"https:\/\/www.livrariarema.com.br\/loja\/wp-json\/wp\/v2\/comments?post=90861"}],"wp:featuredmedia":[{"embeddable":true,"href":"https:\/\/www.livrariarema.com.br\/loja\/wp-json\/wp\/v2\/media\/327703"}],"wp:attachment":[{"href":"https:\/\/www.livrariarema.com.br\/loja\/wp-json\/wp\/v2\/media?parent=90861"}],"wp:term":[{"taxonomy":"product_cat","embeddable":true,"href":"https:\/\/www.livrariarema.com.br\/loja\/wp-json\/wp\/v2\/product_cat?post=90861"},{"taxonomy":"product_tag","embeddable":true,"href":"https:\/\/www.livrariarema.com.br\/loja\/wp-json\/wp\/v2\/product_tag?post=90861"}],"curies":[{"name":"wp","href":"https:\/\/api.w.org\/{rel}","templated":true}]}}