{"id":92265,"date":"2021-07-15T13:18:27","date_gmt":"2021-07-15T16:18:27","guid":{"rendered":"https:\/\/www.livrariarema.com.br\/loja\/produtos\/sem%20categoria\/eclesiologia-gregg-r-allison\/"},"modified":"2026-02-20T12:58:05","modified_gmt":"2026-02-20T15:58:05","slug":"eclesiologia-gregg-r-allison","status":"publish","type":"product","link":"https:\/\/www.livrariarema.com.br\/loja\/produtos\/promocao\/livros-promocao\/eclesiologia-gregg-r-allison\/","title":{"rendered":"Eclesiologia &#8211; Gregg R. Allison"},"content":{"rendered":"<p>O QUE \u00c9 UMA IGREJA? Essa \u00e9 uma pergunta dif\u00edcil, e at\u00e9 mesmo crist\u00e3os podem respond\u00ea-la de diferentes maneiras e perspectivas. Em Eclesiologia: uma teologia para peregrinos e estrangeiros, Gregg Allison sintetiza o que as Escrituras afirmam a respeito do povo da nova alian\u00e7a e monta um quadro completo da igreja b\u00edblica:<\/p>\n<p> sua identidade e caracter\u00edsticas;<br \/>\n seu crescimento por meio da pureza, da unidade e da disciplina;<br \/>\n seus of\u00edcios e estruturas de lideran\u00e7a;<br \/>\n suas ordenan\u00e7as: o batismo e a ceia do Senhor;<br \/>\n e seus minist\u00e9rios.<\/p>\n<p>Temos em m\u00e3os um rico tratamento da eclesiologia, composto de reflex\u00e3o doutrin\u00e1ria e de aplica\u00e7\u00f5es de inestim\u00e1vel valor para a atualidade.<\/p>\n","protected":false},"excerpt":{"rendered":"<p>O QUE \u00c9 UMA IGREJA? Essa \u00e9 uma pergunta dif\u00edcil, e at\u00e9 mesmo crist\u00e3os podem respond\u00ea-la de diferentes maneiras e&hellip;<\/p>\n","protected":false},"featured_media":344962,"comment_status":"open","ping_status":"closed","template":"","meta":[],"product_cat":[143,142],"product_tag":[],"_links":{"self":[{"href":"https:\/\/www.livrariarema.com.br\/loja\/wp-json\/wp\/v2\/product\/92265"}],"collection":[{"href":"https:\/\/www.livrariarema.com.br\/loja\/wp-json\/wp\/v2\/product"}],"about":[{"href":"https:\/\/www.livrariarema.com.br\/loja\/wp-json\/wp\/v2\/types\/product"}],"replies":[{"embeddable":true,"href":"https:\/\/www.livrariarema.com.br\/loja\/wp-json\/wp\/v2\/comments?post=92265"}],"wp:featuredmedia":[{"embeddable":true,"href":"https:\/\/www.livrariarema.com.br\/loja\/wp-json\/wp\/v2\/media\/344962"}],"wp:attachment":[{"href":"https:\/\/www.livrariarema.com.br\/loja\/wp-json\/wp\/v2\/media?parent=92265"}],"wp:term":[{"taxonomy":"product_cat","embeddable":true,"href":"https:\/\/www.livrariarema.com.br\/loja\/wp-json\/wp\/v2\/product_cat?post=92265"},{"taxonomy":"product_tag","embeddable":true,"href":"https:\/\/www.livrariarema.com.br\/loja\/wp-json\/wp\/v2\/product_tag?post=92265"}],"curies":[{"name":"wp","href":"https:\/\/api.w.org\/{rel}","templated":true}]}}