{"id":92268,"date":"2021-07-15T13:18:32","date_gmt":"2021-07-15T16:18:32","guid":{"rendered":"https:\/\/www.livrariarema.com.br\/loja\/produtos\/sem%20categoria\/fundamentos-para-o-cuidado-da-alma-eric-l-johnson\/"},"modified":"2026-02-20T13:42:16","modified_gmt":"2026-02-20T16:42:16","slug":"fundamentos-para-o-cuidado-da-alma-eric-l-johnson","status":"publish","type":"product","link":"https:\/\/www.livrariarema.com.br\/loja\/produtos\/livros\/cura-libertacao\/fundamentos-para-o-cuidado-da-alma-eric-l-johnson\/","title":{"rendered":"Fundamentos Para O Cuidado Da Alma &#8211; Eric L. Johnson"},"content":{"rendered":"<p>Existem poucos assuntos sobre os quais os crist\u00e3os divergem muit\u00edssimo, tendo opini\u00f5es distintas, e est\u00e3o mais profundamente divididos que a psicologia e o cuidado da alma. O que acontece nessa \u00e1rea do pensamento e a pr\u00e1tica que a torna t\u00e3o controversa? Este livro procura oferecer uma explica\u00e7\u00e3o. Mas a maior parte do nosso tempo ser\u00e1 investido em uma lista de prioridades mais construtivas: uma proposta para uma estrutura\u00e7\u00e3o da base para o cuidado crist\u00e3o da alma.<\/p>\n<p>O livro \u00e9 inegavelmente uma proposta de psicologia crist\u00e3. O projeto de uma psicologia crist\u00e3 ainda n\u00e3o foi completamente compreendido, e sempre haver\u00e1 diferentes no\u00e7\u00f5es do que exatamente ela \u00e9. Essa ci\u00eancia prov\u00e9m de um entendimento crist\u00e3o da natureza humana e, portanto, pode ser distinguida de vers\u00f5es alternativas da psicologia baseada em cosmovis\u00f5es diferentes.<\/p>\n<p>O livro est\u00e1 dividido em quatro partes e dezoito cap\u00edtulos. A Parte I examina o pano de fundo intelectual do atual estado das coisas no cuidado crist\u00e3o da alma. AParte II procura desenvolver um m\u00e9todo de procedimento. A Parte III faz uma tentativa ambiciosa de descrever um modelo semiodiscursivo da realidade criada composto de signos e textos, como a express\u00e3o da Palavra de Deus. A Parte IV \u00e9 o verdadeiro cerne do livro, a se\u00e7\u00e3o mais pr\u00e1tica nesta obra te\u00f3rica da pr\u00e1tica crist\u00e3 do cuidado da alma.<\/p>\n","protected":false},"excerpt":{"rendered":"<p>Existem poucos assuntos sobre os quais os crist\u00e3os divergem muit\u00edssimo, tendo opini\u00f5es distintas, e est\u00e3o mais profundamente divididos que a&hellip;<\/p>\n","protected":false},"featured_media":345113,"comment_status":"open","ping_status":"closed","template":"","meta":[],"product_cat":[157,134],"product_tag":[],"_links":{"self":[{"href":"https:\/\/www.livrariarema.com.br\/loja\/wp-json\/wp\/v2\/product\/92268"}],"collection":[{"href":"https:\/\/www.livrariarema.com.br\/loja\/wp-json\/wp\/v2\/product"}],"about":[{"href":"https:\/\/www.livrariarema.com.br\/loja\/wp-json\/wp\/v2\/types\/product"}],"replies":[{"embeddable":true,"href":"https:\/\/www.livrariarema.com.br\/loja\/wp-json\/wp\/v2\/comments?post=92268"}],"wp:featuredmedia":[{"embeddable":true,"href":"https:\/\/www.livrariarema.com.br\/loja\/wp-json\/wp\/v2\/media\/345113"}],"wp:attachment":[{"href":"https:\/\/www.livrariarema.com.br\/loja\/wp-json\/wp\/v2\/media?parent=92268"}],"wp:term":[{"taxonomy":"product_cat","embeddable":true,"href":"https:\/\/www.livrariarema.com.br\/loja\/wp-json\/wp\/v2\/product_cat?post=92268"},{"taxonomy":"product_tag","embeddable":true,"href":"https:\/\/www.livrariarema.com.br\/loja\/wp-json\/wp\/v2\/product_tag?post=92268"}],"curies":[{"name":"wp","href":"https:\/\/api.w.org\/{rel}","templated":true}]}}