{"id":92301,"date":"2021-07-15T13:19:48","date_gmt":"2021-07-15T16:19:48","guid":{"rendered":"https:\/\/www.livrariarema.com.br\/loja\/produtos\/sem%20categoria\/ciencia-pode-explicar-tudo-a-compartilhar-john-c-lennox\/"},"modified":"2026-02-20T12:23:08","modified_gmt":"2026-02-20T15:23:08","slug":"ciencia-pode-explicar-tudo-a-compartilhar-john-c-lennox","status":"publish","type":"product","link":"https:\/\/www.livrariarema.com.br\/loja\/produtos\/livros\/atualidades\/ciencia-pode-explicar-tudo-a-compartilhar-john-c-lennox\/","title":{"rendered":"Ciencia Pode Explicar Tudo?, A &#8211; John C. Lennox"},"content":{"rendered":"<p>A ci\u00eancia pode mesmo explicar tudo? Muitas vezes, parece que, em pleno s\u00e9culo 21, n\u00e3o precisamos mais de religi\u00e3o, uma vez que a ci\u00eancia tem nos presenteado com tantas descobertas, sobretudo no que diz respeito aos mist\u00e9rios do universo. Por causa disso, muitos acreditam que ci\u00eancia e religi\u00e3o s\u00e3o simplesmente incompat\u00edveis.<br \/>\n<br \/><Br><br \/>\nMas ser\u00e1 esse o caso? Baseando-se em sua pr\u00f3pria experi\u00eancia como cientista e crist\u00e3o, al\u00e9m de ter d\u00e9cadas de di\u00e1logos e debates saud\u00e1veis sobre o relacionamento entre ci\u00eancia e religi\u00e3o, o professor John Lennox mostra n\u00e3o apenas que \u00e9 poss\u00edvel vermos essas supostas inimigas como boas amigas, mas tamb\u00e9m que podemos desfrutar e nos beneficiar de ambas.<\/p>\n","protected":false},"excerpt":{"rendered":"<p>A ci\u00eancia pode mesmo explicar tudo? Muitas vezes, parece que, em pleno s\u00e9culo 21, n\u00e3o precisamos mais de religi\u00e3o, uma&hellip;<\/p>\n","protected":false},"featured_media":344906,"comment_status":"open","ping_status":"closed","template":"","meta":[],"product_cat":[191,134],"product_tag":[],"_links":{"self":[{"href":"https:\/\/www.livrariarema.com.br\/loja\/wp-json\/wp\/v2\/product\/92301"}],"collection":[{"href":"https:\/\/www.livrariarema.com.br\/loja\/wp-json\/wp\/v2\/product"}],"about":[{"href":"https:\/\/www.livrariarema.com.br\/loja\/wp-json\/wp\/v2\/types\/product"}],"replies":[{"embeddable":true,"href":"https:\/\/www.livrariarema.com.br\/loja\/wp-json\/wp\/v2\/comments?post=92301"}],"wp:featuredmedia":[{"embeddable":true,"href":"https:\/\/www.livrariarema.com.br\/loja\/wp-json\/wp\/v2\/media\/344906"}],"wp:attachment":[{"href":"https:\/\/www.livrariarema.com.br\/loja\/wp-json\/wp\/v2\/media?parent=92301"}],"wp:term":[{"taxonomy":"product_cat","embeddable":true,"href":"https:\/\/www.livrariarema.com.br\/loja\/wp-json\/wp\/v2\/product_cat?post=92301"},{"taxonomy":"product_tag","embeddable":true,"href":"https:\/\/www.livrariarema.com.br\/loja\/wp-json\/wp\/v2\/product_tag?post=92301"}],"curies":[{"name":"wp","href":"https:\/\/api.w.org\/{rel}","templated":true}]}}