{"id":92402,"date":"2021-07-15T14:08:07","date_gmt":"2021-07-15T17:08:07","guid":{"rendered":"https:\/\/www.livrariarema.com.br\/loja\/produtos\/sem%20categoria\/serie-estudos-sobre-a-teologia-biblica-do-at-deus-no-sinai-jeffrey-j-niehaus\/"},"modified":"2025-11-24T13:49:52","modified_gmt":"2025-11-24T16:49:52","slug":"serie-estudos-sobre-a-teologia-biblica-do-at-deus-no-sinai-jeffrey-j-niehaus","status":"publish","type":"product","link":"https:\/\/www.livrariarema.com.br\/loja\/produtos\/promocao\/livros-promocao\/serie-estudos-sobre-a-teologia-biblica-do-at-deus-no-sinai-jeffrey-j-niehaus\/","title":{"rendered":"S\u00e9rie Estudos Sobre A Teologia B\u00edblica Do At &#8211; Deus No Sinai &#8211; Jeffrey J. Niehaus"},"content":{"rendered":"<p>Este \u00e9 um estudo da gl\u00f3ria da teofania b\u00edblica. O estudo foca o Antigo Testamento (embora o \u00faltimo cap\u00edtulo explore as implica\u00e7\u00f5es para o Novo Testamento). Envolve o trabalho de estudiosos anteriores, alguns dos quais demonstram uma atitude desfavor\u00e1vel em rela\u00e7\u00e3o \u00e0 historicidade dos eventos registrados nos relatos do Antigo Testamento &#8211; atitude essa n\u00e3o compartilhada pelo presente estudo. O estudo entende os dados do Antigo Testamento contra o pano de fundo do pensamento semelhante do Oriente Pr\u00f3ximo da Antiguidade.<\/p>\n<p>Os principais paralelos teol\u00f3gicos s\u00e3o explorados, incluindo Deus como rei e a rela\u00e7\u00e3o da alian\u00e7a de Deus com Ad\u00e3o e Eva e suas implica\u00e7\u00f5es para a teofania e escatologia b\u00edblicas. A teofania do Sinai \u00e9 tomada como crit\u00e9rio para as teofanias de gl\u00f3ria anteriores e subsequentes na B\u00edblia porque o evento do Sinai foi constitutivo na hist\u00f3ria de Israel e crucial na hist\u00f3ria da salva\u00e7\u00e3o. Como Deus veio ao Sinai nas nuvens para transmitir sua lei, ele tamb\u00e9m vir\u00e1 mais uma vez sobre as nuvens do c\u00e9u para julgar os que rompem sua alian\u00e7a.<\/p>\n","protected":false},"excerpt":{"rendered":"<p>Este \u00e9 um estudo da gl\u00f3ria da teofania b\u00edblica. O estudo foca o Antigo Testamento (embora o \u00faltimo cap\u00edtulo explore&hellip;<\/p>\n","protected":false},"featured_media":341448,"comment_status":"open","ping_status":"closed","template":"","meta":[],"product_cat":[143,142],"product_tag":[],"_links":{"self":[{"href":"https:\/\/www.livrariarema.com.br\/loja\/wp-json\/wp\/v2\/product\/92402"}],"collection":[{"href":"https:\/\/www.livrariarema.com.br\/loja\/wp-json\/wp\/v2\/product"}],"about":[{"href":"https:\/\/www.livrariarema.com.br\/loja\/wp-json\/wp\/v2\/types\/product"}],"replies":[{"embeddable":true,"href":"https:\/\/www.livrariarema.com.br\/loja\/wp-json\/wp\/v2\/comments?post=92402"}],"wp:featuredmedia":[{"embeddable":true,"href":"https:\/\/www.livrariarema.com.br\/loja\/wp-json\/wp\/v2\/media\/341448"}],"wp:attachment":[{"href":"https:\/\/www.livrariarema.com.br\/loja\/wp-json\/wp\/v2\/media?parent=92402"}],"wp:term":[{"taxonomy":"product_cat","embeddable":true,"href":"https:\/\/www.livrariarema.com.br\/loja\/wp-json\/wp\/v2\/product_cat?post=92402"},{"taxonomy":"product_tag","embeddable":true,"href":"https:\/\/www.livrariarema.com.br\/loja\/wp-json\/wp\/v2\/product_tag?post=92402"}],"curies":[{"name":"wp","href":"https:\/\/api.w.org\/{rel}","templated":true}]}}