{"id":92470,"date":"2021-07-15T17:42:13","date_gmt":"2021-07-15T20:42:13","guid":{"rendered":"https:\/\/www.livrariarema.com.br\/loja\/produtos\/sem%20categoria\/os-atributos-de-deus-i-uma-viagem-ao-coracao-do-pai-a-w-tozer\/"},"modified":"2025-12-15T17:51:05","modified_gmt":"2025-12-15T20:51:05","slug":"os-atributos-de-deus-i-uma-viagem-ao-coracao-do-pai-a-w-tozer","status":"publish","type":"product","link":"https:\/\/www.livrariarema.com.br\/loja\/produtos\/livros\/vida-crista\/os-atributos-de-deus-i-uma-viagem-ao-coracao-do-pai-a-w-tozer\/","title":{"rendered":"Atributos De Deus, Os &#8211; Uma Viagem Ao Cora\u00e7\u00e3o Do Pai &#8211; Vol 1 &#8211;  A. W. Tozer"},"content":{"rendered":"<p>A PERGUNTA PRINCIPAL<\/p>\n<p>Para A. W. Tozer, n\u00e3o existe pergunta mais importante que esta: &#8220;Como \u00e9 Deus?&#8221;. O desejo de conhecer Deus consumiu sua vida e minist\u00e9rio inteiros. Por isso, quem o l\u00ea aprende a conhecer Deus em maior intimidade.<\/p>\n<p>Este primeiro volume de Os atributos de Deus cont\u00e9m a an\u00e1lise de dez atributos divinos: infinitude, gra\u00e7a, incomensurabilidade, onipresen\u00e7a, bondade, iman\u00eancia, justi\u00e7a, santidade, miseric\u00f3rdia e perfei\u00e7\u00e3o.<\/p>\n<p>Apaixonado pelas Escrituras e cheio do Esp\u00edrito, Tozer pregava com impressionante lucidez e poder. O sentido de seus serm\u00f5es se faz presente em cada p\u00e1gina, transmitindo a voc\u00ea o impacto da Palavra de Deus<\/p>\n","protected":false},"excerpt":{"rendered":"<p>A PERGUNTA PRINCIPAL Para A. W. Tozer, n\u00e3o existe pergunta mais importante que esta: &#8220;Como \u00e9 Deus?&#8221;. O desejo de&hellip;<\/p>\n","protected":false},"featured_media":330706,"comment_status":"open","ping_status":"closed","template":"","meta":[],"product_cat":[134,137],"product_tag":[],"_links":{"self":[{"href":"https:\/\/www.livrariarema.com.br\/loja\/wp-json\/wp\/v2\/product\/92470"}],"collection":[{"href":"https:\/\/www.livrariarema.com.br\/loja\/wp-json\/wp\/v2\/product"}],"about":[{"href":"https:\/\/www.livrariarema.com.br\/loja\/wp-json\/wp\/v2\/types\/product"}],"replies":[{"embeddable":true,"href":"https:\/\/www.livrariarema.com.br\/loja\/wp-json\/wp\/v2\/comments?post=92470"}],"wp:featuredmedia":[{"embeddable":true,"href":"https:\/\/www.livrariarema.com.br\/loja\/wp-json\/wp\/v2\/media\/330706"}],"wp:attachment":[{"href":"https:\/\/www.livrariarema.com.br\/loja\/wp-json\/wp\/v2\/media?parent=92470"}],"wp:term":[{"taxonomy":"product_cat","embeddable":true,"href":"https:\/\/www.livrariarema.com.br\/loja\/wp-json\/wp\/v2\/product_cat?post=92470"},{"taxonomy":"product_tag","embeddable":true,"href":"https:\/\/www.livrariarema.com.br\/loja\/wp-json\/wp\/v2\/product_tag?post=92470"}],"curies":[{"name":"wp","href":"https:\/\/api.w.org\/{rel}","templated":true}]}}