{"id":92501,"date":"2021-07-15T17:43:25","date_gmt":"2021-07-15T20:43:25","guid":{"rendered":"https:\/\/www.livrariarema.com.br\/loja\/produtos\/sem%20categoria\/testemunho-de-watchaman-nee-o-watchman-nee\/"},"modified":"2025-11-28T11:30:51","modified_gmt":"2025-11-28T14:30:51","slug":"testemunho-de-watchaman-nee-o-watchman-nee","status":"publish","type":"product","link":"https:\/\/www.livrariarema.com.br\/loja\/produtos\/livros\/biografia\/testemunho-de-watchaman-nee-o-watchman-nee\/","title":{"rendered":"Testemunho De Watchman Nee, O &#8211; Watchman Nee"},"content":{"rendered":"<p>Em O testemunho de Watchman Nee, o leitor tem o privil\u00e9gio de conhecer tr\u00eas testemunhos impactantes desse que foi um dos maiores pregadores do cristianismo na China.<\/p>\n<p>O primeiro testemunho foi proferido em 18 de outubro de 1936 e trata da salva\u00e7\u00e3o de Nee, bem como aborda o evangelismo. O segundo, de 20 de outubro do mesmo ano, apresenta a li\u00e7\u00e3o da cruz e o in\u00edcio do minist\u00e9rio dele. O terceiro foi proferido na mesma data do segundo e aborda a vida de f\u00e9, as finan\u00e7as e a depend\u00eancia de Deus.<\/p>\n<p>Al\u00e9m disso, esta obra traz dois ap\u00eandices que abordam a rela\u00e7\u00e3o de amizade de Watchman Nee com Kwang Hsi Weigh e uma compila\u00e7\u00e3o das cartas de Nee para ele, um conte\u00fado cheio de riqueza e beleza crist\u00e3.<\/p>\n","protected":false},"excerpt":{"rendered":"<p>Em O testemunho de Watchman Nee, o leitor tem o privil\u00e9gio de conhecer tr\u00eas testemunhos impactantes desse que foi um&hellip;<\/p>\n","protected":false},"featured_media":339141,"comment_status":"open","ping_status":"closed","template":"","meta":[],"product_cat":[181,134],"product_tag":[],"_links":{"self":[{"href":"https:\/\/www.livrariarema.com.br\/loja\/wp-json\/wp\/v2\/product\/92501"}],"collection":[{"href":"https:\/\/www.livrariarema.com.br\/loja\/wp-json\/wp\/v2\/product"}],"about":[{"href":"https:\/\/www.livrariarema.com.br\/loja\/wp-json\/wp\/v2\/types\/product"}],"replies":[{"embeddable":true,"href":"https:\/\/www.livrariarema.com.br\/loja\/wp-json\/wp\/v2\/comments?post=92501"}],"wp:featuredmedia":[{"embeddable":true,"href":"https:\/\/www.livrariarema.com.br\/loja\/wp-json\/wp\/v2\/media\/339141"}],"wp:attachment":[{"href":"https:\/\/www.livrariarema.com.br\/loja\/wp-json\/wp\/v2\/media?parent=92501"}],"wp:term":[{"taxonomy":"product_cat","embeddable":true,"href":"https:\/\/www.livrariarema.com.br\/loja\/wp-json\/wp\/v2\/product_cat?post=92501"},{"taxonomy":"product_tag","embeddable":true,"href":"https:\/\/www.livrariarema.com.br\/loja\/wp-json\/wp\/v2\/product_tag?post=92501"}],"curies":[{"name":"wp","href":"https:\/\/api.w.org\/{rel}","templated":true}]}}