{"id":92985,"date":"2021-07-19T10:22:27","date_gmt":"2021-07-19T13:22:27","guid":{"rendered":"https:\/\/www.livrariarema.com.br\/loja\/produtos\/sem categoria\/mulher-que-deus-usa-a-alice-mathews\/"},"modified":"2023-11-04T12:10:36","modified_gmt":"2023-11-04T15:10:36","slug":"mulher-que-deus-usa-a-alice-mathews","status":"publish","type":"product","link":"https:\/\/www.livrariarema.com.br\/loja\/produtos\/livros\/mulher\/mulher-que-deus-usa-a-alice-mathews\/","title":{"rendered":"MULHER QUE DEUS USA, A &#8211; ALICE MATHEWS"},"content":{"rendered":"<p>A mulher crista\u00e3 precisa ter sabedoria para decidir de maneira equilibrada diante dos desafios da vida e das consequ\u00eancias de suas escolhas dia\u00b4rias. Seja com relac\u00e3o \u00e0 vida conjugal e familiar, educac\u00e3o, trabalho ou crescimento pessoal, ela tem seu aux\u00edlio sempre ao alcance na Palavra de Deus.<\/p>\n<p>A autora conduz as leitoras pelo exemplo de mulheres do Antigo Testamento cujas circunst\u00e2ncias s\u00e3o, em muitos aspectos, semelhantes \u00e0s das mulheres na sociedade e cultura atual. <\/p>\n","protected":false},"excerpt":{"rendered":"<p>A mulher crista\u00e3 precisa ter sabedoria para decidir de maneira equilibrada diante dos desafios da vida e das consequ\u00eancias de&hellip;<\/p>\n","protected":false},"featured_media":0,"comment_status":"open","ping_status":"closed","template":"","meta":[],"product_cat":[134,170],"product_tag":[],"_links":{"self":[{"href":"https:\/\/www.livrariarema.com.br\/loja\/wp-json\/wp\/v2\/product\/92985"}],"collection":[{"href":"https:\/\/www.livrariarema.com.br\/loja\/wp-json\/wp\/v2\/product"}],"about":[{"href":"https:\/\/www.livrariarema.com.br\/loja\/wp-json\/wp\/v2\/types\/product"}],"replies":[{"embeddable":true,"href":"https:\/\/www.livrariarema.com.br\/loja\/wp-json\/wp\/v2\/comments?post=92985"}],"wp:attachment":[{"href":"https:\/\/www.livrariarema.com.br\/loja\/wp-json\/wp\/v2\/media?parent=92985"}],"wp:term":[{"taxonomy":"product_cat","embeddable":true,"href":"https:\/\/www.livrariarema.com.br\/loja\/wp-json\/wp\/v2\/product_cat?post=92985"},{"taxonomy":"product_tag","embeddable":true,"href":"https:\/\/www.livrariarema.com.br\/loja\/wp-json\/wp\/v2\/product_tag?post=92985"}],"curies":[{"name":"wp","href":"https:\/\/api.w.org\/{rel}","templated":true}]}}