{"id":93173,"date":"2021-07-20T08:37:11","date_gmt":"2021-07-20T11:37:11","guid":{"rendered":"https:\/\/www.livrariarema.com.br\/loja\/produtos\/sem%20categoria\/biblia-jesus-copy-yeshua-naa\/"},"modified":"2024-04-18T01:52:02","modified_gmt":"2024-04-18T04:52:02","slug":"biblia-jesus-copy-yeshua-naa","status":"publish","type":"product","link":"https:\/\/www.livrariarema.com.br\/loja\/produtos\/biblias\/nova-almeida-atualizada\/biblia-jesus-copy-yeshua-naa\/","title":{"rendered":"B\u00edblia Jesus Copy &#8211; Yeshua &#8211; Naa"},"content":{"rendered":"<p>B\u00edblia Yeshua JesusCopy. Uma cl\u00e1ssica B\u00edblia com identidade do JesusCopy. Possui plano de leitura B\u00edblica de 90 dias para te guiar nos seus estudos b\u00edblicos. Possui Antigo e Novo Testamento.<\/p>\n","protected":false},"excerpt":{"rendered":"<p>B\u00edblia Yeshua JesusCopy. Uma cl\u00e1ssica B\u00edblia com identidade do JesusCopy. Possui plano de leitura B\u00edblica de 90 dias para te&hellip;<\/p>\n","protected":false},"featured_media":208599,"comment_status":"open","ping_status":"closed","template":"","meta":[],"product_cat":[139,174],"product_tag":[],"_links":{"self":[{"href":"https:\/\/www.livrariarema.com.br\/loja\/wp-json\/wp\/v2\/product\/93173"}],"collection":[{"href":"https:\/\/www.livrariarema.com.br\/loja\/wp-json\/wp\/v2\/product"}],"about":[{"href":"https:\/\/www.livrariarema.com.br\/loja\/wp-json\/wp\/v2\/types\/product"}],"replies":[{"embeddable":true,"href":"https:\/\/www.livrariarema.com.br\/loja\/wp-json\/wp\/v2\/comments?post=93173"}],"wp:featuredmedia":[{"embeddable":true,"href":"https:\/\/www.livrariarema.com.br\/loja\/wp-json\/wp\/v2\/media\/208599"}],"wp:attachment":[{"href":"https:\/\/www.livrariarema.com.br\/loja\/wp-json\/wp\/v2\/media?parent=93173"}],"wp:term":[{"taxonomy":"product_cat","embeddable":true,"href":"https:\/\/www.livrariarema.com.br\/loja\/wp-json\/wp\/v2\/product_cat?post=93173"},{"taxonomy":"product_tag","embeddable":true,"href":"https:\/\/www.livrariarema.com.br\/loja\/wp-json\/wp\/v2\/product_tag?post=93173"}],"curies":[{"name":"wp","href":"https:\/\/api.w.org\/{rel}","templated":true}]}}