{"id":93180,"date":"2021-07-20T08:37:19","date_gmt":"2021-07-20T11:37:19","guid":{"rendered":"https:\/\/www.livrariarema.com.br\/loja\/produtos\/sem%20categoria\/biblia-jesus-copy-maranatha-naa\/"},"modified":"2024-05-16T11:37:54","modified_gmt":"2024-05-16T14:37:54","slug":"biblia-jesus-copy-maranatha-naa","status":"publish","type":"product","link":"https:\/\/www.livrariarema.com.br\/loja\/produtos\/biblias\/nova-almeida-atualizada\/biblia-jesus-copy-maranatha-naa\/","title":{"rendered":"B\u00edblia Jesus Copy &#8211; Maranatha &#8211; Naa"},"content":{"rendered":"<p>A nova vers\u00e3o da B\u00cdBLIA MARANATHA possui um novo acabamento BRILHANTE em sua parte externa (capa). Possui plano de leitura B\u00edblica de 90 dias para te guiar nos teus estudos b\u00edblicos. <\/p>\n<p>Esta B\u00edblia faz parte da NOVA COLE\u00c7\u00c3O DE B\u00cdBLIAS JESUSCOPY na linguagem NAA!<\/p>\n","protected":false},"excerpt":{"rendered":"<p>A nova vers\u00e3o da B\u00cdBLIA MARANATHA possui um novo acabamento BRILHANTE em sua parte externa (capa). Possui plano de leitura&hellip;<\/p>\n","protected":false},"featured_media":224202,"comment_status":"open","ping_status":"closed","template":"","meta":[],"product_cat":[139,174],"product_tag":[],"_links":{"self":[{"href":"https:\/\/www.livrariarema.com.br\/loja\/wp-json\/wp\/v2\/product\/93180"}],"collection":[{"href":"https:\/\/www.livrariarema.com.br\/loja\/wp-json\/wp\/v2\/product"}],"about":[{"href":"https:\/\/www.livrariarema.com.br\/loja\/wp-json\/wp\/v2\/types\/product"}],"replies":[{"embeddable":true,"href":"https:\/\/www.livrariarema.com.br\/loja\/wp-json\/wp\/v2\/comments?post=93180"}],"wp:featuredmedia":[{"embeddable":true,"href":"https:\/\/www.livrariarema.com.br\/loja\/wp-json\/wp\/v2\/media\/224202"}],"wp:attachment":[{"href":"https:\/\/www.livrariarema.com.br\/loja\/wp-json\/wp\/v2\/media?parent=93180"}],"wp:term":[{"taxonomy":"product_cat","embeddable":true,"href":"https:\/\/www.livrariarema.com.br\/loja\/wp-json\/wp\/v2\/product_cat?post=93180"},{"taxonomy":"product_tag","embeddable":true,"href":"https:\/\/www.livrariarema.com.br\/loja\/wp-json\/wp\/v2\/product_tag?post=93180"}],"curies":[{"name":"wp","href":"https:\/\/api.w.org\/{rel}","templated":true}]}}