{"id":93574,"date":"2021-07-21T17:34:16","date_gmt":"2021-07-21T20:34:16","guid":{"rendered":"https:\/\/www.livrariarema.com.br\/loja\/produtos\/sem%20categoria\/biblia-rc-letra-grande-semi-luxo-leao\/"},"modified":"2025-02-06T10:19:20","modified_gmt":"2025-02-06T13:19:20","slug":"biblia-rc-letra-grande-semi-luxo-leao","status":"publish","type":"product","link":"https:\/\/www.livrariarema.com.br\/loja\/produtos\/biblias\/revista-corrigida-biblias\/biblia-rc-letra-grande-semi-luxo-leao\/","title":{"rendered":"B\u00edblia &#8211; Rc &#8211; Letra Grande &#8211; Semi Luxo &#8211; Le\u00e3o"},"content":{"rendered":"<p>N\u00e3o h\u00e1 melhor maneira de evangelizar do que faz\u00ea-lo atrav\u00e9s da Palavra de Deus. E, se a f\u00e9 vem pelo conhecimento da verdade, por que n\u00e3o lev\u00e1-la \u00e0s pessoas atrav\u00e9s de uma linda edi\u00e7\u00e3o da B\u00edblia Sagrada? A B\u00edblia Capa Semi-luxo para evangeliza\u00e7\u00e3o \u00e9 a op\u00e7\u00e3o certa para aquele parente, amigo ou colega de trabalho que voc\u00ea quer levar a Jesus. Magnificamente editada \u00e9 uma B\u00edblia que, certamente, n\u00e3o ser\u00e1 deixada na estante. Ela conta com o texto Almeida Revista e Corrigida (ARC), a mais tradicional vers\u00e3o das Sagradas Escrituras dispon\u00edvel em portugu\u00eas. Centen\u00e1ria, mas din\u00e2mica, a B\u00edblia ARC fala ao cora\u00e7\u00e3o do leitor, trazendo \u00e0 sua alma o convencimento que s\u00f3 o Esp\u00edrito Santo \u00e9 capaz de proporcionar \u00e0quele que anseia pela verdade. Dispon\u00edvel em cores diversas, a B\u00edblia Capa Semi-luxo para evangeliza\u00e7\u00e3o tem tudo para agradar aos olhos e ao esp\u00edrito.<\/p>\n","protected":false},"excerpt":{"rendered":"<p>N\u00e3o h\u00e1 melhor maneira de evangelizar do que faz\u00ea-lo atrav\u00e9s da Palavra de Deus. E, se a f\u00e9 vem pelo&hellip;<\/p>\n","protected":false},"featured_media":325893,"comment_status":"open","ping_status":"closed","template":"","meta":[],"product_cat":[139,149],"product_tag":[],"_links":{"self":[{"href":"https:\/\/www.livrariarema.com.br\/loja\/wp-json\/wp\/v2\/product\/93574"}],"collection":[{"href":"https:\/\/www.livrariarema.com.br\/loja\/wp-json\/wp\/v2\/product"}],"about":[{"href":"https:\/\/www.livrariarema.com.br\/loja\/wp-json\/wp\/v2\/types\/product"}],"replies":[{"embeddable":true,"href":"https:\/\/www.livrariarema.com.br\/loja\/wp-json\/wp\/v2\/comments?post=93574"}],"wp:featuredmedia":[{"embeddable":true,"href":"https:\/\/www.livrariarema.com.br\/loja\/wp-json\/wp\/v2\/media\/325893"}],"wp:attachment":[{"href":"https:\/\/www.livrariarema.com.br\/loja\/wp-json\/wp\/v2\/media?parent=93574"}],"wp:term":[{"taxonomy":"product_cat","embeddable":true,"href":"https:\/\/www.livrariarema.com.br\/loja\/wp-json\/wp\/v2\/product_cat?post=93574"},{"taxonomy":"product_tag","embeddable":true,"href":"https:\/\/www.livrariarema.com.br\/loja\/wp-json\/wp\/v2\/product_tag?post=93574"}],"curies":[{"name":"wp","href":"https:\/\/api.w.org\/{rel}","templated":true}]}}