{"id":93801,"date":"2021-07-22T13:50:54","date_gmt":"2021-07-22T16:50:54","guid":{"rendered":"https:\/\/www.livrariarema.com.br\/loja\/produtos\/sem%20categoria\/licoes-de-lideranca-de-jesus-bob-briner-e-ray-pritchard\/"},"modified":"2026-03-13T16:45:17","modified_gmt":"2026-03-13T19:45:17","slug":"licoes-de-lideranca-de-jesus-bob-briner-e-ray-pritchard","status":"publish","type":"product","link":"https:\/\/www.livrariarema.com.br\/loja\/produtos\/livros\/lideranca\/licoes-de-lideranca-de-jesus-bob-briner-e-ray-pritchard\/","title":{"rendered":"Li\u00e7\u00f5es De Lideran\u00e7a De Jesus &#8211; Bob Briner E Ray Pritchard"},"content":{"rendered":"<p>Li\u00e7\u00f5es de lideran\u00e7a de Jesus &#8211; Um modelo eterno para os l\u00edderes de hoje<\/p>\n<p>&#8211; Ele viveu na periferia, num povoado pobre e insignificante.<\/p>\n<p>&#8211; Ele n\u00e3o tinha diploma universit\u00e1rio nem fez MBA.<\/p>\n<p>&#8211; Ele viveu menos de 40 anos e seu trabalho como l\u00edder s\u00f3 durou 3 anos meio.<\/p>\n<p>&#8211; Seus seguidores eram um punhado de gente sem instru\u00e7\u00e3o formal e sem proje\u00e7\u00e3o social.<\/p>\n<p>Com esse curr\u00edculo, quem, em s\u00e3 consci\u00eancia, diria que Ele se tornaria o maior l\u00edder de todos os tempos e que deixaria li\u00e7\u00f5es de lideran\u00e7a para os mais altos executivos da atualidade?<\/p>\n<p>Estamos falando, nada mais nada menos, do que de Jesus de Nazar\u00e9, que conta hoje com mais de um bilh\u00e3o de adeptos engajados em difundir sua mensagem pelo mundo, influenciado culturas e transformando vidas por onde passa. Como Jesus conseguiu tudo isso? Que princ\u00edpios Ele seguiu? Ser\u00e1 que esses mesmos princ\u00edpios ainda funcionam em nossos dias?<\/p>\n<p>Os autores &#8211; executivos de carreira &#8211; combinam suas experi\u00eancias de lideran\u00e7a com a vida e os ensinamentos de Jesus para fornecer aos l\u00edderes de hoje novas percep\u00e7\u00f5es e perspectivas. Com um investimento de menos de dez minutos di\u00e1rios, este livro lhe mostrar\u00e1 como se tornar um l\u00edder mais eficaz e bem-sucedido ao incorporar as Li\u00e7\u00f5es de lideran\u00e7a de Jesus \u00e0 sua vida pessoal e profissional.<\/p>\n","protected":false},"excerpt":{"rendered":"<p>Li\u00e7\u00f5es de lideran\u00e7a de Jesus &#8211; Um modelo eterno para os l\u00edderes de hoje &#8211; Ele viveu na periferia, num&hellip;<\/p>\n","protected":false},"featured_media":346068,"comment_status":"open","ping_status":"closed","template":"","meta":[],"product_cat":[153,134],"product_tag":[],"_links":{"self":[{"href":"https:\/\/www.livrariarema.com.br\/loja\/wp-json\/wp\/v2\/product\/93801"}],"collection":[{"href":"https:\/\/www.livrariarema.com.br\/loja\/wp-json\/wp\/v2\/product"}],"about":[{"href":"https:\/\/www.livrariarema.com.br\/loja\/wp-json\/wp\/v2\/types\/product"}],"replies":[{"embeddable":true,"href":"https:\/\/www.livrariarema.com.br\/loja\/wp-json\/wp\/v2\/comments?post=93801"}],"wp:featuredmedia":[{"embeddable":true,"href":"https:\/\/www.livrariarema.com.br\/loja\/wp-json\/wp\/v2\/media\/346068"}],"wp:attachment":[{"href":"https:\/\/www.livrariarema.com.br\/loja\/wp-json\/wp\/v2\/media?parent=93801"}],"wp:term":[{"taxonomy":"product_cat","embeddable":true,"href":"https:\/\/www.livrariarema.com.br\/loja\/wp-json\/wp\/v2\/product_cat?post=93801"},{"taxonomy":"product_tag","embeddable":true,"href":"https:\/\/www.livrariarema.com.br\/loja\/wp-json\/wp\/v2\/product_tag?post=93801"}],"curies":[{"name":"wp","href":"https:\/\/api.w.org\/{rel}","templated":true}]}}