{"id":95768,"date":"2021-08-03T18:22:47","date_gmt":"2021-08-03T21:22:47","guid":{"rendered":"https:\/\/www.livrariarema.com.br\/loja\/produtos\/sem%20categoria\/bloco-de-anotacoes-com-lapis-e-com-ima-40-folhas\/"},"modified":"2023-12-27T19:47:18","modified_gmt":"2023-12-27T22:47:18","slug":"bloco-de-anotacoes-com-lapis-e-com-ima-40-folhas","status":"publish","type":"product","link":"https:\/\/www.livrariarema.com.br\/loja\/produtos\/papelaria\/bloco\/bloco-de-anotacoes-com-lapis-e-com-ima-40-folhas\/","title":{"rendered":"Bloco De Anota\u00e7\u00f5es &#8211; Com L\u00e1pis E Com Im\u00e3 &#8211; 40 Folhas"},"content":{"rendered":"<p>* Cada modelo \u00e9 vendido individualmente * <br \/>\n* Confirmar a disponibilidade do modelo desejado antes de fazer o pedido *<\/p>\n","protected":false},"excerpt":{"rendered":"<p>* Cada modelo \u00e9 vendido individualmente * * Confirmar a disponibilidade do modelo desejado antes de fazer o pedido *<\/p>\n","protected":false},"featured_media":211113,"comment_status":"open","ping_status":"closed","template":"","meta":[],"product_cat":[239,215],"product_tag":[],"_links":{"self":[{"href":"https:\/\/www.livrariarema.com.br\/loja\/wp-json\/wp\/v2\/product\/95768"}],"collection":[{"href":"https:\/\/www.livrariarema.com.br\/loja\/wp-json\/wp\/v2\/product"}],"about":[{"href":"https:\/\/www.livrariarema.com.br\/loja\/wp-json\/wp\/v2\/types\/product"}],"replies":[{"embeddable":true,"href":"https:\/\/www.livrariarema.com.br\/loja\/wp-json\/wp\/v2\/comments?post=95768"}],"wp:featuredmedia":[{"embeddable":true,"href":"https:\/\/www.livrariarema.com.br\/loja\/wp-json\/wp\/v2\/media\/211113"}],"wp:attachment":[{"href":"https:\/\/www.livrariarema.com.br\/loja\/wp-json\/wp\/v2\/media?parent=95768"}],"wp:term":[{"taxonomy":"product_cat","embeddable":true,"href":"https:\/\/www.livrariarema.com.br\/loja\/wp-json\/wp\/v2\/product_cat?post=95768"},{"taxonomy":"product_tag","embeddable":true,"href":"https:\/\/www.livrariarema.com.br\/loja\/wp-json\/wp\/v2\/product_tag?post=95768"}],"curies":[{"name":"wp","href":"https:\/\/api.w.org\/{rel}","templated":true}]}}