{"id":96078,"date":"2021-08-05T13:21:38","date_gmt":"2021-08-05T16:21:38","guid":{"rendered":"https:\/\/www.livrariarema.com.br\/loja\/produtos\/sem%20categoria\/homem-do-ceu-o-historia-ilustrada-irmao-yun-e-paul-hattaway\/"},"modified":"2026-03-30T16:55:38","modified_gmt":"2026-03-30T19:55:38","slug":"homem-do-ceu-o-historia-ilustrada-irmao-yun-e-paul-hattaway","status":"publish","type":"product","link":"https:\/\/www.livrariarema.com.br\/loja\/produtos\/livros\/juvenil\/homem-do-ceu-o-historia-ilustrada-irmao-yun-e-paul-hattaway\/","title":{"rendered":"Homem Do C\u00e9u, O &#8211; Hist\u00f3ria Ilustrada &#8211; Irm\u00e3o Yun E Paul Hattaway"},"content":{"rendered":"<p>O relato dram\u00e1tico de como Deus usou um homem que, n\u00e3o obstante sua juventude, passou por torturas e encarceramentos por causa de sua f\u00e9. Em vez de focar-se nos muitos milagres ou em suas experi\u00eancias sofridas, Yun prefere enfatizar o car\u00e1ter e a beleza de Jesus. Este livro ir\u00e1 abrir seus olhos para a realidade e mudar\u00e1 seu conceito a respeito do que significa ser crist\u00e3o.<\/p>\n","protected":false},"excerpt":{"rendered":"<p>O relato dram\u00e1tico de como Deus usou um homem que, n\u00e3o obstante sua juventude, passou por torturas e encarceramentos por&hellip;<\/p>\n","protected":false},"featured_media":330853,"comment_status":"open","ping_status":"closed","template":"","meta":[],"product_cat":[184,134],"product_tag":[],"_links":{"self":[{"href":"https:\/\/www.livrariarema.com.br\/loja\/wp-json\/wp\/v2\/product\/96078"}],"collection":[{"href":"https:\/\/www.livrariarema.com.br\/loja\/wp-json\/wp\/v2\/product"}],"about":[{"href":"https:\/\/www.livrariarema.com.br\/loja\/wp-json\/wp\/v2\/types\/product"}],"replies":[{"embeddable":true,"href":"https:\/\/www.livrariarema.com.br\/loja\/wp-json\/wp\/v2\/comments?post=96078"}],"wp:featuredmedia":[{"embeddable":true,"href":"https:\/\/www.livrariarema.com.br\/loja\/wp-json\/wp\/v2\/media\/330853"}],"wp:attachment":[{"href":"https:\/\/www.livrariarema.com.br\/loja\/wp-json\/wp\/v2\/media?parent=96078"}],"wp:term":[{"taxonomy":"product_cat","embeddable":true,"href":"https:\/\/www.livrariarema.com.br\/loja\/wp-json\/wp\/v2\/product_cat?post=96078"},{"taxonomy":"product_tag","embeddable":true,"href":"https:\/\/www.livrariarema.com.br\/loja\/wp-json\/wp\/v2\/product_tag?post=96078"}],"curies":[{"name":"wp","href":"https:\/\/api.w.org\/{rel}","templated":true}]}}