{"id":96726,"date":"2021-08-06T18:33:22","date_gmt":"2021-08-06T21:33:22","guid":{"rendered":"https:\/\/www.livrariarema.com.br\/loja\/produtos\/sem%20categoria\/365-historias-biblicas-narradas-com-carinho\/"},"modified":"2026-03-24T11:20:44","modified_gmt":"2026-03-24T14:20:44","slug":"365-historias-biblicas-narradas-com-carinho","status":"publish","type":"product","link":"https:\/\/www.livrariarema.com.br\/loja\/produtos\/livros\/infantil\/365-historias-biblicas-narradas-com-carinho\/","title":{"rendered":"365 Hist\u00f3rias B\u00edblicas Narradas Com Carinho"},"content":{"rendered":"<p>Conhe\u00e7a lindas hist\u00f3rias sobre f\u00e9, bondade e amor com personagens inesquec\u00edveis. S\u00e3o 365 hist\u00f3rias, uma para cada dia do ano, para voc\u00ea ler, ouvir, se encantar e se emocionar.<\/p>\n","protected":false},"excerpt":{"rendered":"<p>Conhe\u00e7a lindas hist\u00f3rias sobre f\u00e9, bondade e amor com personagens inesquec\u00edveis. S\u00e3o 365 hist\u00f3rias, uma para cada dia do ano,&hellip;<\/p>\n","protected":false},"featured_media":346629,"comment_status":"open","ping_status":"closed","template":"","meta":[],"product_cat":[144,134],"product_tag":[],"_links":{"self":[{"href":"https:\/\/www.livrariarema.com.br\/loja\/wp-json\/wp\/v2\/product\/96726"}],"collection":[{"href":"https:\/\/www.livrariarema.com.br\/loja\/wp-json\/wp\/v2\/product"}],"about":[{"href":"https:\/\/www.livrariarema.com.br\/loja\/wp-json\/wp\/v2\/types\/product"}],"replies":[{"embeddable":true,"href":"https:\/\/www.livrariarema.com.br\/loja\/wp-json\/wp\/v2\/comments?post=96726"}],"wp:featuredmedia":[{"embeddable":true,"href":"https:\/\/www.livrariarema.com.br\/loja\/wp-json\/wp\/v2\/media\/346629"}],"wp:attachment":[{"href":"https:\/\/www.livrariarema.com.br\/loja\/wp-json\/wp\/v2\/media?parent=96726"}],"wp:term":[{"taxonomy":"product_cat","embeddable":true,"href":"https:\/\/www.livrariarema.com.br\/loja\/wp-json\/wp\/v2\/product_cat?post=96726"},{"taxonomy":"product_tag","embeddable":true,"href":"https:\/\/www.livrariarema.com.br\/loja\/wp-json\/wp\/v2\/product_tag?post=96726"}],"curies":[{"name":"wp","href":"https:\/\/api.w.org\/{rel}","templated":true}]}}