{"id":96730,"date":"2021-08-06T18:33:30","date_gmt":"2021-08-06T21:33:30","guid":{"rendered":"https:\/\/www.livrariarema.com.br\/loja\/produtos\/sem%20categoria\/minhas-queridas-historias-biblicas\/"},"modified":"2026-01-13T18:10:44","modified_gmt":"2026-01-13T21:10:44","slug":"minhas-queridas-historias-biblicas","status":"publish","type":"product","link":"https:\/\/www.livrariarema.com.br\/loja\/produtos\/livros\/infantil\/minhas-queridas-historias-biblicas\/","title":{"rendered":"Minhas Queridas Hist\u00f3rias B\u00edblicas"},"content":{"rendered":"<p>As passagens b\u00edblicas que influenciam a humanidade h\u00e1 mil\u00eanios s\u00e3o contadas de forma simples e interessante neste livro repleto de belas ilustra\u00e7\u00f5es. Saiba como a palavra de Deus alcan\u00e7a e ensina os mais diversos povos.<\/p>\n","protected":false},"excerpt":{"rendered":"<p>As passagens b\u00edblicas que influenciam a humanidade h\u00e1 mil\u00eanios s\u00e3o contadas de forma simples e interessante neste livro repleto de&hellip;<\/p>\n","protected":false},"featured_media":329330,"comment_status":"open","ping_status":"closed","template":"","meta":[],"product_cat":[144,134],"product_tag":[],"_links":{"self":[{"href":"https:\/\/www.livrariarema.com.br\/loja\/wp-json\/wp\/v2\/product\/96730"}],"collection":[{"href":"https:\/\/www.livrariarema.com.br\/loja\/wp-json\/wp\/v2\/product"}],"about":[{"href":"https:\/\/www.livrariarema.com.br\/loja\/wp-json\/wp\/v2\/types\/product"}],"replies":[{"embeddable":true,"href":"https:\/\/www.livrariarema.com.br\/loja\/wp-json\/wp\/v2\/comments?post=96730"}],"wp:featuredmedia":[{"embeddable":true,"href":"https:\/\/www.livrariarema.com.br\/loja\/wp-json\/wp\/v2\/media\/329330"}],"wp:attachment":[{"href":"https:\/\/www.livrariarema.com.br\/loja\/wp-json\/wp\/v2\/media?parent=96730"}],"wp:term":[{"taxonomy":"product_cat","embeddable":true,"href":"https:\/\/www.livrariarema.com.br\/loja\/wp-json\/wp\/v2\/product_cat?post=96730"},{"taxonomy":"product_tag","embeddable":true,"href":"https:\/\/www.livrariarema.com.br\/loja\/wp-json\/wp\/v2\/product_tag?post=96730"}],"curies":[{"name":"wp","href":"https:\/\/api.w.org\/{rel}","templated":true}]}}