{"id":96748,"date":"2021-08-06T18:34:25","date_gmt":"2021-08-06T21:34:25","guid":{"rendered":"https:\/\/www.livrariarema.com.br\/loja\/produtos\/sem%20categoria\/biblia-acf-eu-venci-o-mundo\/"},"modified":"2022-09-05T14:12:12","modified_gmt":"2022-09-05T17:12:12","slug":"biblia-acf-eu-venci-o-mundo","status":"publish","type":"product","link":"https:\/\/www.livrariarema.com.br\/loja\/produtos\/biblias\/revista-corrigida-fiel\/biblia-acf-eu-venci-o-mundo\/","title":{"rendered":"B\u00edblia &#8211; Acf &#8211; Eu Venci O Mundo"},"content":{"rendered":"<p>B\u00edblia Sagrada, edi\u00e7\u00e3o Almeida Corrigida Fiel, produzida pela Sociedade B\u00edblica Trinitariana do Brasil e com uma bel\u00edssima arte de capa.<\/p>\n","protected":false},"excerpt":{"rendered":"<p>B\u00edblia Sagrada, edi\u00e7\u00e3o Almeida Corrigida Fiel, produzida pela Sociedade B\u00edblica Trinitariana do Brasil e com uma bel\u00edssima arte de capa.<\/p>\n","protected":false},"featured_media":180626,"comment_status":"open","ping_status":"closed","template":"","meta":[],"product_cat":[139,212],"product_tag":[],"_links":{"self":[{"href":"https:\/\/www.livrariarema.com.br\/loja\/wp-json\/wp\/v2\/product\/96748"}],"collection":[{"href":"https:\/\/www.livrariarema.com.br\/loja\/wp-json\/wp\/v2\/product"}],"about":[{"href":"https:\/\/www.livrariarema.com.br\/loja\/wp-json\/wp\/v2\/types\/product"}],"replies":[{"embeddable":true,"href":"https:\/\/www.livrariarema.com.br\/loja\/wp-json\/wp\/v2\/comments?post=96748"}],"wp:featuredmedia":[{"embeddable":true,"href":"https:\/\/www.livrariarema.com.br\/loja\/wp-json\/wp\/v2\/media\/180626"}],"wp:attachment":[{"href":"https:\/\/www.livrariarema.com.br\/loja\/wp-json\/wp\/v2\/media?parent=96748"}],"wp:term":[{"taxonomy":"product_cat","embeddable":true,"href":"https:\/\/www.livrariarema.com.br\/loja\/wp-json\/wp\/v2\/product_cat?post=96748"},{"taxonomy":"product_tag","embeddable":true,"href":"https:\/\/www.livrariarema.com.br\/loja\/wp-json\/wp\/v2\/product_tag?post=96748"}],"curies":[{"name":"wp","href":"https:\/\/api.w.org\/{rel}","templated":true}]}}