{"id":96764,"date":"2021-08-06T18:34:59","date_gmt":"2021-08-06T21:34:59","guid":{"rendered":"https:\/\/www.livrariarema.com.br\/loja\/produtos\/sem%20categoria\/biblia-para-criancas-4\/"},"modified":"2025-12-09T17:32:26","modified_gmt":"2025-12-09T20:32:26","slug":"biblia-para-criancas-4","status":"publish","type":"product","link":"https:\/\/www.livrariarema.com.br\/loja\/produtos\/livros\/infantil\/biblia-para-criancas-4\/","title":{"rendered":"B\u00edblia Para Crian\u00e7as"},"content":{"rendered":"<p>Conhe\u00e7a lindas hist\u00f3rias do Antigo e Novo Testamento! Saiba quem foram No\u00e9, Mois\u00e9s, Davi e outros homens de f\u00e9. Descubra os ensinamentos de Jesus e aprenda valores como bondade e compaix\u00e3o.<\/p>\n","protected":false},"excerpt":{"rendered":"<p>Conhe\u00e7a lindas hist\u00f3rias do Antigo e Novo Testamento! Saiba quem foram No\u00e9, Mois\u00e9s, Davi e outros homens de f\u00e9. Descubra&hellip;<\/p>\n","protected":false},"featured_media":329337,"comment_status":"open","ping_status":"closed","template":"","meta":[],"product_cat":[144,134],"product_tag":[],"_links":{"self":[{"href":"https:\/\/www.livrariarema.com.br\/loja\/wp-json\/wp\/v2\/product\/96764"}],"collection":[{"href":"https:\/\/www.livrariarema.com.br\/loja\/wp-json\/wp\/v2\/product"}],"about":[{"href":"https:\/\/www.livrariarema.com.br\/loja\/wp-json\/wp\/v2\/types\/product"}],"replies":[{"embeddable":true,"href":"https:\/\/www.livrariarema.com.br\/loja\/wp-json\/wp\/v2\/comments?post=96764"}],"wp:featuredmedia":[{"embeddable":true,"href":"https:\/\/www.livrariarema.com.br\/loja\/wp-json\/wp\/v2\/media\/329337"}],"wp:attachment":[{"href":"https:\/\/www.livrariarema.com.br\/loja\/wp-json\/wp\/v2\/media?parent=96764"}],"wp:term":[{"taxonomy":"product_cat","embeddable":true,"href":"https:\/\/www.livrariarema.com.br\/loja\/wp-json\/wp\/v2\/product_cat?post=96764"},{"taxonomy":"product_tag","embeddable":true,"href":"https:\/\/www.livrariarema.com.br\/loja\/wp-json\/wp\/v2\/product_tag?post=96764"}],"curies":[{"name":"wp","href":"https:\/\/api.w.org\/{rel}","templated":true}]}}