{"id":96836,"date":"2021-08-07T11:11:28","date_gmt":"2021-08-07T14:11:28","guid":{"rendered":"https:\/\/www.livrariarema.com.br\/loja\/produtos\/sem%20categoria\/lendo-por-ai-a-arca-de-noe\/"},"modified":"2026-01-31T13:10:39","modified_gmt":"2026-01-31T16:10:39","slug":"lendo-por-ai-a-arca-de-noe","status":"publish","type":"product","link":"https:\/\/www.livrariarema.com.br\/loja\/produtos\/livros\/infantil\/lendo-por-ai-a-arca-de-noe\/","title":{"rendered":"Lendo Por A\u00ed &#8211; A Arca De No\u00e9"},"content":{"rendered":"<p>Certo dia, um bondoso homem chamado No\u00e9 recebeu um aviso dos c\u00e9us: Eles deveria construir uma imensa arca. Qual ser\u00e1 o motivo? Leia esta linda hist\u00f3ria para descobrir!<\/p>\n","protected":false},"excerpt":{"rendered":"<p>Certo dia, um bondoso homem chamado No\u00e9 recebeu um aviso dos c\u00e9us: Eles deveria construir uma imensa arca. Qual ser\u00e1&hellip;<\/p>\n","protected":false},"featured_media":318992,"comment_status":"open","ping_status":"closed","template":"","meta":[],"product_cat":[144,134],"product_tag":[],"_links":{"self":[{"href":"https:\/\/www.livrariarema.com.br\/loja\/wp-json\/wp\/v2\/product\/96836"}],"collection":[{"href":"https:\/\/www.livrariarema.com.br\/loja\/wp-json\/wp\/v2\/product"}],"about":[{"href":"https:\/\/www.livrariarema.com.br\/loja\/wp-json\/wp\/v2\/types\/product"}],"replies":[{"embeddable":true,"href":"https:\/\/www.livrariarema.com.br\/loja\/wp-json\/wp\/v2\/comments?post=96836"}],"wp:featuredmedia":[{"embeddable":true,"href":"https:\/\/www.livrariarema.com.br\/loja\/wp-json\/wp\/v2\/media\/318992"}],"wp:attachment":[{"href":"https:\/\/www.livrariarema.com.br\/loja\/wp-json\/wp\/v2\/media?parent=96836"}],"wp:term":[{"taxonomy":"product_cat","embeddable":true,"href":"https:\/\/www.livrariarema.com.br\/loja\/wp-json\/wp\/v2\/product_cat?post=96836"},{"taxonomy":"product_tag","embeddable":true,"href":"https:\/\/www.livrariarema.com.br\/loja\/wp-json\/wp\/v2\/product_tag?post=96836"}],"curies":[{"name":"wp","href":"https:\/\/api.w.org\/{rel}","templated":true}]}}