{"id":96845,"date":"2021-08-07T11:11:51","date_gmt":"2021-08-07T14:11:51","guid":{"rendered":"https:\/\/www.livrariarema.com.br\/loja\/produtos\/sem%20categoria\/lendo-por-ai-o-nascimento-de-jesus\/"},"modified":"2025-12-23T09:51:30","modified_gmt":"2025-12-23T12:51:30","slug":"lendo-por-ai-o-nascimento-de-jesus","status":"publish","type":"product","link":"https:\/\/www.livrariarema.com.br\/loja\/produtos\/livros\/infantil\/lendo-por-ai-o-nascimento-de-jesus\/","title":{"rendered":"Lendo Por A\u00ed &#8211; O Nascimento De Jesus"},"content":{"rendered":"<p>Maria, alegre-se disse o anjo. Voc\u00ea dar\u00e1 \u00e0 luz a Jesus, o filho de Deus! Acompanhe e encante-se com essa linda hist\u00f3ria do nascimento de Jesus, o filho que Deus enviou para ser o salvador do mundo.<\/p>\n","protected":false},"excerpt":{"rendered":"<p>Maria, alegre-se disse o anjo. Voc\u00ea dar\u00e1 \u00e0 luz a Jesus, o filho de Deus! Acompanhe e encante-se com essa&hellip;<\/p>\n","protected":false},"featured_media":335717,"comment_status":"open","ping_status":"closed","template":"","meta":[],"product_cat":[144,134],"product_tag":[],"_links":{"self":[{"href":"https:\/\/www.livrariarema.com.br\/loja\/wp-json\/wp\/v2\/product\/96845"}],"collection":[{"href":"https:\/\/www.livrariarema.com.br\/loja\/wp-json\/wp\/v2\/product"}],"about":[{"href":"https:\/\/www.livrariarema.com.br\/loja\/wp-json\/wp\/v2\/types\/product"}],"replies":[{"embeddable":true,"href":"https:\/\/www.livrariarema.com.br\/loja\/wp-json\/wp\/v2\/comments?post=96845"}],"wp:featuredmedia":[{"embeddable":true,"href":"https:\/\/www.livrariarema.com.br\/loja\/wp-json\/wp\/v2\/media\/335717"}],"wp:attachment":[{"href":"https:\/\/www.livrariarema.com.br\/loja\/wp-json\/wp\/v2\/media?parent=96845"}],"wp:term":[{"taxonomy":"product_cat","embeddable":true,"href":"https:\/\/www.livrariarema.com.br\/loja\/wp-json\/wp\/v2\/product_cat?post=96845"},{"taxonomy":"product_tag","embeddable":true,"href":"https:\/\/www.livrariarema.com.br\/loja\/wp-json\/wp\/v2\/product_tag?post=96845"}],"curies":[{"name":"wp","href":"https:\/\/api.w.org\/{rel}","templated":true}]}}