{"id":96853,"date":"2021-08-07T11:12:14","date_gmt":"2021-08-07T14:12:14","guid":{"rendered":"https:\/\/www.livrariarema.com.br\/loja\/produtos\/sem categoria\/lendo-por-ai-davi-e-golias\/"},"modified":"2022-01-25T10:31:45","modified_gmt":"2022-01-25T13:31:45","slug":"lendo-por-ai-davi-e-golias","status":"publish","type":"product","link":"https:\/\/www.livrariarema.com.br\/loja\/produtos\/livros\/infantil\/lendo-por-ai-davi-e-golias\/","title":{"rendered":"LENDO POR A\u00cd &#8211; DAVI E GOLIAS"},"content":{"rendered":"<p>Para ajudar seu povo, o jovem pastor Davi precisa enfrentar um grande desafio: derrotar o temido gigante Golias. Acompanhe esta incr\u00edvel hist\u00f3ria da B\u00edblia!<\/p>\n","protected":false},"excerpt":{"rendered":"<p>Para ajudar seu povo, o jovem pastor Davi precisa enfrentar um grande desafio: derrotar o temido gigante Golias. Acompanhe esta&hellip;<\/p>\n","protected":false},"featured_media":137388,"comment_status":"open","ping_status":"closed","template":"","meta":[],"product_cat":[144,134],"product_tag":[],"_links":{"self":[{"href":"https:\/\/www.livrariarema.com.br\/loja\/wp-json\/wp\/v2\/product\/96853"}],"collection":[{"href":"https:\/\/www.livrariarema.com.br\/loja\/wp-json\/wp\/v2\/product"}],"about":[{"href":"https:\/\/www.livrariarema.com.br\/loja\/wp-json\/wp\/v2\/types\/product"}],"replies":[{"embeddable":true,"href":"https:\/\/www.livrariarema.com.br\/loja\/wp-json\/wp\/v2\/comments?post=96853"}],"wp:featuredmedia":[{"embeddable":true,"href":"https:\/\/www.livrariarema.com.br\/loja\/wp-json\/wp\/v2\/media\/137388"}],"wp:attachment":[{"href":"https:\/\/www.livrariarema.com.br\/loja\/wp-json\/wp\/v2\/media?parent=96853"}],"wp:term":[{"taxonomy":"product_cat","embeddable":true,"href":"https:\/\/www.livrariarema.com.br\/loja\/wp-json\/wp\/v2\/product_cat?post=96853"},{"taxonomy":"product_tag","embeddable":true,"href":"https:\/\/www.livrariarema.com.br\/loja\/wp-json\/wp\/v2\/product_tag?post=96853"}],"curies":[{"name":"wp","href":"https:\/\/api.w.org\/{rel}","templated":true}]}}