{"id":99512,"date":"2021-08-18T17:08:16","date_gmt":"2021-08-18T20:08:16","guid":{"rendered":"https:\/\/www.livrariarema.com.br\/loja\/produtos\/sem%20categoria\/amigos-do-criador-daniel-na-cova-dos-leoes\/"},"modified":"2026-03-18T16:01:03","modified_gmt":"2026-03-18T19:01:03","slug":"amigos-do-criador-daniel-na-cova-dos-leoes","status":"publish","type":"product","link":"https:\/\/www.livrariarema.com.br\/loja\/produtos\/livros\/infantil\/amigos-do-criador-daniel-na-cova-dos-leoes\/","title":{"rendered":"Amigos Do Criador &#8211; Daniel Na Cova Dos Le\u00f4es"},"content":{"rendered":"<p>Daniel \u00e9 um amigo do rei, mas nem todo mundo gosta disso. Algumas pessoas t\u00eam inveja de Daniel. Elas se certificam de que ele receba um terr\u00edvel castigo. Daniel \u00e9 lan\u00e7ado em uma cova com le\u00f5es! Descubra o que acontece em seguida nesta hist\u00f3ria b\u00edblica especial.<\/p>\n","protected":false},"excerpt":{"rendered":"<p>Daniel \u00e9 um amigo do rei, mas nem todo mundo gosta disso. Algumas pessoas t\u00eam inveja de Daniel. Elas se&hellip;<\/p>\n","protected":false},"featured_media":330993,"comment_status":"open","ping_status":"closed","template":"","meta":[],"product_cat":[144,134],"product_tag":[],"_links":{"self":[{"href":"https:\/\/www.livrariarema.com.br\/loja\/wp-json\/wp\/v2\/product\/99512"}],"collection":[{"href":"https:\/\/www.livrariarema.com.br\/loja\/wp-json\/wp\/v2\/product"}],"about":[{"href":"https:\/\/www.livrariarema.com.br\/loja\/wp-json\/wp\/v2\/types\/product"}],"replies":[{"embeddable":true,"href":"https:\/\/www.livrariarema.com.br\/loja\/wp-json\/wp\/v2\/comments?post=99512"}],"wp:featuredmedia":[{"embeddable":true,"href":"https:\/\/www.livrariarema.com.br\/loja\/wp-json\/wp\/v2\/media\/330993"}],"wp:attachment":[{"href":"https:\/\/www.livrariarema.com.br\/loja\/wp-json\/wp\/v2\/media?parent=99512"}],"wp:term":[{"taxonomy":"product_cat","embeddable":true,"href":"https:\/\/www.livrariarema.com.br\/loja\/wp-json\/wp\/v2\/product_cat?post=99512"},{"taxonomy":"product_tag","embeddable":true,"href":"https:\/\/www.livrariarema.com.br\/loja\/wp-json\/wp\/v2\/product_tag?post=99512"}],"curies":[{"name":"wp","href":"https:\/\/api.w.org\/{rel}","templated":true}]}}