{"id":99525,"date":"2021-08-18T17:08:42","date_gmt":"2021-08-18T20:08:42","guid":{"rendered":"https:\/\/www.livrariarema.com.br\/loja\/produtos\/sem%20categoria\/amigos-do-criador-a-historia-de-moises\/"},"modified":"2026-01-10T10:10:59","modified_gmt":"2026-01-10T13:10:59","slug":"amigos-do-criador-a-historia-de-moises","status":"publish","type":"product","link":"https:\/\/www.livrariarema.com.br\/loja\/produtos\/livros\/infantil\/amigos-do-criador-a-historia-de-moises\/","title":{"rendered":"Amigos Do Criador &#8211; A Hist\u00f3ria De Mois\u00e9s"},"content":{"rendered":"<p>A m\u00e3e do beb\u00ea Mois\u00e9s coloca seu filho em um cesto de vime. Ela deixa o cesto flutuar rio abaixo e espera que algu\u00e9m veja o cesto e salve Mois\u00e9s. Felizmente, o beb\u00ea \u00e9 encontrado. Descubra o que acontece em seguida nesta hist\u00f3ria b\u00edblica especial.<\/p>\n","protected":false},"excerpt":{"rendered":"<p>A m\u00e3e do beb\u00ea Mois\u00e9s coloca seu filho em um cesto de vime. Ela deixa o cesto flutuar rio abaixo&hellip;<\/p>\n","protected":false},"featured_media":330985,"comment_status":"open","ping_status":"closed","template":"","meta":[],"product_cat":[144,134],"product_tag":[],"_links":{"self":[{"href":"https:\/\/www.livrariarema.com.br\/loja\/wp-json\/wp\/v2\/product\/99525"}],"collection":[{"href":"https:\/\/www.livrariarema.com.br\/loja\/wp-json\/wp\/v2\/product"}],"about":[{"href":"https:\/\/www.livrariarema.com.br\/loja\/wp-json\/wp\/v2\/types\/product"}],"replies":[{"embeddable":true,"href":"https:\/\/www.livrariarema.com.br\/loja\/wp-json\/wp\/v2\/comments?post=99525"}],"wp:featuredmedia":[{"embeddable":true,"href":"https:\/\/www.livrariarema.com.br\/loja\/wp-json\/wp\/v2\/media\/330985"}],"wp:attachment":[{"href":"https:\/\/www.livrariarema.com.br\/loja\/wp-json\/wp\/v2\/media?parent=99525"}],"wp:term":[{"taxonomy":"product_cat","embeddable":true,"href":"https:\/\/www.livrariarema.com.br\/loja\/wp-json\/wp\/v2\/product_cat?post=99525"},{"taxonomy":"product_tag","embeddable":true,"href":"https:\/\/www.livrariarema.com.br\/loja\/wp-json\/wp\/v2\/product_tag?post=99525"}],"curies":[{"name":"wp","href":"https:\/\/api.w.org\/{rel}","templated":true}]}}