{"id":99545,"date":"2021-08-18T17:13:42","date_gmt":"2021-08-18T20:13:42","guid":{"rendered":"https:\/\/www.livrariarema.com.br\/loja\/produtos\/sem%20categoria\/amigos-do-criador-jonas-e-a-baleia\/"},"modified":"2025-07-08T07:32:46","modified_gmt":"2025-07-08T10:32:46","slug":"amigos-do-criador-jonas-e-a-baleia","status":"publish","type":"product","link":"https:\/\/www.livrariarema.com.br\/loja\/produtos\/livros\/infantil\/amigos-do-criador-jonas-e-a-baleia\/","title":{"rendered":"Amigos Do Criador &#8211; Jonas E A Baleia"},"content":{"rendered":"<p>Jonas recebe uma tarefa de Deus, mas ele n\u00e3o escuta e foge. Ele embarca em um navio, mas Deus encontra Jonas at\u00e9 mesmo no mar. Surge uma terr\u00edvel tempestade, Jonas \u00e9 lan\u00e7ado ao mar e \u00e9 engolido por uma baleia imensa&#8230; Descubra o que acontece em seguida nesta hist\u00f3ria b\u00edblica especial.<\/p>\n","protected":false},"excerpt":{"rendered":"<p>Jonas recebe uma tarefa de Deus, mas ele n\u00e3o escuta e foge. Ele embarca em um navio, mas Deus encontra&hellip;<\/p>\n","protected":false},"featured_media":330991,"comment_status":"open","ping_status":"closed","template":"","meta":[],"product_cat":[144,134],"product_tag":[],"_links":{"self":[{"href":"https:\/\/www.livrariarema.com.br\/loja\/wp-json\/wp\/v2\/product\/99545"}],"collection":[{"href":"https:\/\/www.livrariarema.com.br\/loja\/wp-json\/wp\/v2\/product"}],"about":[{"href":"https:\/\/www.livrariarema.com.br\/loja\/wp-json\/wp\/v2\/types\/product"}],"replies":[{"embeddable":true,"href":"https:\/\/www.livrariarema.com.br\/loja\/wp-json\/wp\/v2\/comments?post=99545"}],"wp:featuredmedia":[{"embeddable":true,"href":"https:\/\/www.livrariarema.com.br\/loja\/wp-json\/wp\/v2\/media\/330991"}],"wp:attachment":[{"href":"https:\/\/www.livrariarema.com.br\/loja\/wp-json\/wp\/v2\/media?parent=99545"}],"wp:term":[{"taxonomy":"product_cat","embeddable":true,"href":"https:\/\/www.livrariarema.com.br\/loja\/wp-json\/wp\/v2\/product_cat?post=99545"},{"taxonomy":"product_tag","embeddable":true,"href":"https:\/\/www.livrariarema.com.br\/loja\/wp-json\/wp\/v2\/product_tag?post=99545"}],"curies":[{"name":"wp","href":"https:\/\/api.w.org\/{rel}","templated":true}]}}