{"id":99563,"date":"2021-08-18T17:15:13","date_gmt":"2021-08-18T20:15:13","guid":{"rendered":"https:\/\/www.livrariarema.com.br\/loja\/produtos\/sem%20categoria\/180-historias-da-biblia\/"},"modified":"2026-02-26T10:20:48","modified_gmt":"2026-02-26T13:20:48","slug":"180-historias-da-biblia","status":"publish","type":"product","link":"https:\/\/www.livrariarema.com.br\/loja\/produtos\/livros\/infantil\/180-historias-da-biblia\/","title":{"rendered":"180 Hist\u00f3rias Da B\u00edblia"},"content":{"rendered":"<p>Conhe\u00e7a passagens da B\u00edblia, tanto do Antigo quanto do Novo Testamento. Todas as hist\u00f3rias s\u00e3o ilustradas e narradas em linguagem simples, de forma a despertar o interesse da crian\u00e7a pela vida de Jesus, Mois\u00e9s, No\u00e9 e outros. Encante-se com as 180 hist\u00f3rias da B\u00edblia!<\/p>\n","protected":false},"excerpt":{"rendered":"<p>Conhe\u00e7a passagens da B\u00edblia, tanto do Antigo quanto do Novo Testamento. Todas as hist\u00f3rias s\u00e3o ilustradas e narradas em linguagem&hellip;<\/p>\n","protected":false},"featured_media":341304,"comment_status":"open","ping_status":"closed","template":"","meta":[],"product_cat":[144,134],"product_tag":[],"_links":{"self":[{"href":"https:\/\/www.livrariarema.com.br\/loja\/wp-json\/wp\/v2\/product\/99563"}],"collection":[{"href":"https:\/\/www.livrariarema.com.br\/loja\/wp-json\/wp\/v2\/product"}],"about":[{"href":"https:\/\/www.livrariarema.com.br\/loja\/wp-json\/wp\/v2\/types\/product"}],"replies":[{"embeddable":true,"href":"https:\/\/www.livrariarema.com.br\/loja\/wp-json\/wp\/v2\/comments?post=99563"}],"wp:featuredmedia":[{"embeddable":true,"href":"https:\/\/www.livrariarema.com.br\/loja\/wp-json\/wp\/v2\/media\/341304"}],"wp:attachment":[{"href":"https:\/\/www.livrariarema.com.br\/loja\/wp-json\/wp\/v2\/media?parent=99563"}],"wp:term":[{"taxonomy":"product_cat","embeddable":true,"href":"https:\/\/www.livrariarema.com.br\/loja\/wp-json\/wp\/v2\/product_cat?post=99563"},{"taxonomy":"product_tag","embeddable":true,"href":"https:\/\/www.livrariarema.com.br\/loja\/wp-json\/wp\/v2\/product_tag?post=99563"}],"curies":[{"name":"wp","href":"https:\/\/api.w.org\/{rel}","templated":true}]}}